{"id":2308,"date":"2020-10-20T03:25:00","date_gmt":"2020-10-20T03:25:00","guid":{"rendered":"https:\/\/www.radiustheme.com\/demo\/wordpress\/themes\/classifiedads\/?page_id=2308"},"modified":"2025-08-31T10:07:57","modified_gmt":"2025-08-31T08:07:57","slug":"contact","status":"publish","type":"page","link":"https:\/\/asrimmo.com\/fr\/contact\/","title":{"rendered":"Contact"},"content":{"rendered":"<div data-elementor-type=\"wp-page\" data-elementor-id=\"2308\" class=\"elementor elementor-2308\">\n\t\t\t\t\t\t<section class=\"elementor-section elementor-top-section elementor-element elementor-element-f25a7df elementor-section-content-middle elementor-section-boxed elementor-section-height-default elementor-section-height-default rt-parallax-bg-no\" data-id=\"f25a7df\" data-element_type=\"section\">\n\t\t\t\t\t\t<div class=\"elementor-container elementor-column-gap-default\">\n\t\t\t\t\t<div class=\"elementor-column elementor-col-50 elementor-top-column elementor-element elementor-element-c599729\" data-id=\"c599729\" data-element_type=\"column\">\n\t\t\t<div class=\"elementor-widget-wrap elementor-element-populated\">\n\t\t\t\t\t\t<section class=\"elementor-section elementor-inner-section elementor-element elementor-element-b5dec91 elementor-section-boxed elementor-section-height-default elementor-section-height-default rt-parallax-bg-no\" data-id=\"b5dec91\" data-element_type=\"section\">\n\t\t\t\t\t\t<div class=\"elementor-container elementor-column-gap-default\">\n\t\t\t\t\t<div class=\"elementor-column elementor-col-100 elementor-inner-column elementor-element elementor-element-e1aa780\" data-id=\"e1aa780\" data-element_type=\"column\">\n\t\t\t<div class=\"elementor-widget-wrap elementor-element-populated\">\n\t\t\t\t\t\t<div class=\"elementor-element elementor-element-fba6d39 elementor-widget elementor-widget-rt-title\" data-id=\"fba6d39\" data-element_type=\"widget\" data-widget_type=\"rt-title.default\">\n\t\t\t\t<div class=\"elementor-widget-container\">\n\t\t\t\t\t<div class=\"section-title-wrapper\">\r\n\r\n    <!--Background Title-->\r\n    \r\n    <div class=\"title-inner-wrapper\">\r\n\r\n        <!--Top Sub Title-->\r\n        \r\n        <!--Main Title-->\r\n                    <h2 class=\"main-title\">Formulaire de contact<\/h2>\r\n        \r\n        <!--Description-->\r\n                    <div class=\"description\"><p>Vous avez une question ou un projet en t\u00eate ? Remplissez le formulaire ci-dessous et notre \u00e9quipe vous r\u00e9pondra rapidement.<\/p><\/div>\r\n            <\/div>\r\n<\/div>\t\t\t\t<\/div>\n\t\t\t\t<\/div>\n\t\t\t\t\t<\/div>\n\t\t<\/div>\n\t\t\t\t\t<\/div>\n\t\t<\/section>\n\t\t\t\t<section class=\"elementor-section elementor-inner-section elementor-element elementor-element-d9cb8d9 elementor-section-boxed elementor-section-height-default elementor-section-height-default rt-parallax-bg-no\" data-id=\"d9cb8d9\" data-element_type=\"section\">\n\t\t\t\t\t\t<div class=\"elementor-container elementor-column-gap-default\">\n\t\t\t\t\t<div class=\"elementor-column elementor-col-100 elementor-inner-column elementor-element elementor-element-804f5be\" data-id=\"804f5be\" data-element_type=\"column\">\n\t\t\t<div class=\"elementor-widget-wrap elementor-element-populated\">\n\t\t\t\t\t\t<div class=\"elementor-element elementor-element-2f3d44f elementor-widget elementor-widget-rt-info-box\" data-id=\"2f3d44f\" data-element_type=\"widget\" data-widget_type=\"rt-info-box.default\">\n\t\t\t\t<div class=\"elementor-widget-container\">\n\t\t\t\t\t\r\n<div class=\"service3-box-right rt-info-box-wrap-1 rt-info-box icon-el-style-1\">\r\n\t<div class=\"service-box\">\r\n\t\t<div class=\"service3-icon-holder icon-holder\">\r\n\t\t\t\t<i aria-hidden=\"true\" class=\"fas fa-map-marker-alt\"><\/i>\t\t<\/div>\r\n\r\n\t\t<div class=\"service3-content-holder content-holder content-align\">\r\n\t\t\t\t\t\t\t<h3 class=\"info-title\">\r\n\t\t\t\t\tLocalisation\t\t\t\t<\/h3>\r\n\t\t\t\r\n\t\t\t\t\t\t\t<p>4 chemin Val d'Hydra, Hydra, Alger<\/p>\r\n\t\t\t\r\n\t\t\t\t\t<\/div>\r\n    <\/div>\r\n<\/div>\t\t\t\t<\/div>\n\t\t\t\t<\/div>\n\t\t\t\t\t<\/div>\n\t\t<\/div>\n\t\t\t\t\t<\/div>\n\t\t<\/section>\n\t\t\t\t<section class=\"elementor-section elementor-inner-section elementor-element elementor-element-831fd84 elementor-section-boxed elementor-section-height-default elementor-section-height-default rt-parallax-bg-no\" data-id=\"831fd84\" data-element_type=\"section\">\n\t\t\t\t\t\t<div class=\"elementor-container elementor-column-gap-default\">\n\t\t\t\t\t<div class=\"elementor-column elementor-col-100 elementor-inner-column elementor-element elementor-element-9a03cb3\" data-id=\"9a03cb3\" data-element_type=\"column\">\n\t\t\t<div class=\"elementor-widget-wrap elementor-element-populated\">\n\t\t\t\t\t\t<div class=\"elementor-element elementor-element-0ff8102 elementor-widget elementor-widget-rt-info-box\" data-id=\"0ff8102\" data-element_type=\"widget\" data-widget_type=\"rt-info-box.default\">\n\t\t\t\t<div class=\"elementor-widget-container\">\n\t\t\t\t\t\r\n<div class=\"service3-box-right rt-info-box-wrap-1 rt-info-box icon-el-style-1\">\r\n\t<div class=\"service-box\">\r\n\t\t<div class=\"service3-icon-holder icon-holder\">\r\n\t\t\t\t<i aria-hidden=\"true\" class=\"fas fa-phone-alt\"><\/i>\t\t<\/div>\r\n\r\n\t\t<div class=\"service3-content-holder content-holder content-align\">\r\n\t\t\t\t\t\t\t<h3 class=\"info-title\">\r\n\t\t\t\t\tT\u00e9l\u00e9phone\t\t\t\t<\/h3>\r\n\t\t\t\r\n\t\t\t\t\t\t\t<p>0541 12 28 49<\/p>\r\n\t\t\t\r\n\t\t\t\t\t<\/div>\r\n    <\/div>\r\n<\/div>\t\t\t\t<\/div>\n\t\t\t\t<\/div>\n\t\t\t\t\t<\/div>\n\t\t<\/div>\n\t\t\t\t\t<\/div>\n\t\t<\/section>\n\t\t\t\t<section class=\"elementor-section elementor-inner-section elementor-element elementor-element-30c1269 elementor-section-boxed elementor-section-height-default elementor-section-height-default rt-parallax-bg-no\" data-id=\"30c1269\" data-element_type=\"section\">\n\t\t\t\t\t\t<div class=\"elementor-container elementor-column-gap-default\">\n\t\t\t\t\t<div class=\"elementor-column elementor-col-100 elementor-inner-column elementor-element elementor-element-d93ec53\" data-id=\"d93ec53\" data-element_type=\"column\">\n\t\t\t<div class=\"elementor-widget-wrap elementor-element-populated\">\n\t\t\t\t\t\t<div class=\"elementor-element elementor-element-7c03052 elementor-widget elementor-widget-rt-info-box\" data-id=\"7c03052\" data-element_type=\"widget\" data-widget_type=\"rt-info-box.default\">\n\t\t\t\t<div class=\"elementor-widget-container\">\n\t\t\t\t\t\r\n<div class=\"service3-box-right rt-info-box-wrap-1 rt-info-box icon-el-style-1\">\r\n\t<div class=\"service-box\">\r\n\t\t<div class=\"service3-icon-holder icon-holder\">\r\n\t\t\t\t<i aria-hidden=\"true\" class=\"fas fa-share-alt\"><\/i>\t\t<\/div>\r\n\r\n\t\t<div class=\"service3-content-holder content-holder content-align\">\r\n\t\t\t\t\t\t\t<h3 class=\"info-title\">\r\n\t\t\t\t\tNous suivre\t\t\t\t<\/h3>\r\n\t\t\t\r\n\t\t\t\r\n\t\t\t\t\t<\/div>\r\n    <\/div>\r\n<\/div>\t\t\t\t<\/div>\n\t\t\t\t<\/div>\n\t\t\t\t<div class=\"elementor-element elementor-element-316fb9f elementor-shape-rounded elementor-grid-0 elementor-widget elementor-widget-social-icons\" data-id=\"316fb9f\" data-element_type=\"widget\" data-widget_type=\"social-icons.default\">\n\t\t\t\t<div class=\"elementor-widget-container\">\n\t\t\t\t\t\t\t<div class=\"elementor-social-icons-wrapper elementor-grid\" role=\"list\">\n\t\t\t\t\t\t\t<span class=\"elementor-grid-item\" role=\"listitem\">\n\t\t\t\t\t<a class=\"elementor-icon elementor-social-icon elementor-social-icon-facebook-f elementor-repeater-item-024870d\" href=\"#\" target=\"_blank\">\n\t\t\t\t\t\t<span class=\"elementor-screen-only\">Facebook-f<\/span>\n\t\t\t\t\t\t<i class=\"fab fa-facebook-f\"><\/i>\t\t\t\t\t<\/a>\n\t\t\t\t<\/span>\n\t\t\t\t\t\t\t<span class=\"elementor-grid-item\" role=\"listitem\">\n\t\t\t\t\t<a class=\"elementor-icon elementor-social-icon elementor-social-icon-twitter elementor-repeater-item-06fbff7\" href=\"#\" target=\"_blank\">\n\t\t\t\t\t\t<span class=\"elementor-screen-only\">Twitter<\/span>\n\t\t\t\t\t\t<i class=\"fab fa-twitter\"><\/i>\t\t\t\t\t<\/a>\n\t\t\t\t<\/span>\n\t\t\t\t\t\t\t<span class=\"elementor-grid-item\" role=\"listitem\">\n\t\t\t\t\t<a class=\"elementor-icon elementor-social-icon elementor-social-icon-vimeo-v elementor-repeater-item-a6acf8e\" href=\"#\" target=\"_blank\">\n\t\t\t\t\t\t<span class=\"elementor-screen-only\">Vimeo-v<\/span>\n\t\t\t\t\t\t<i class=\"fab fa-vimeo-v\"><\/i>\t\t\t\t\t<\/a>\n\t\t\t\t<\/span>\n\t\t\t\t\t\t\t<span class=\"elementor-grid-item\" role=\"listitem\">\n\t\t\t\t\t<a class=\"elementor-icon elementor-social-icon elementor-social-icon-pinterest-p elementor-repeater-item-fb22e9a\" href=\"#\" target=\"_blank\">\n\t\t\t\t\t\t<span class=\"elementor-screen-only\">Pinterest-p<\/span>\n\t\t\t\t\t\t<i class=\"fab fa-pinterest-p\"><\/i>\t\t\t\t\t<\/a>\n\t\t\t\t<\/span>\n\t\t\t\t\t\t\t<span class=\"elementor-grid-item\" role=\"listitem\">\n\t\t\t\t\t<a class=\"elementor-icon elementor-social-icon elementor-social-icon-whatsapp elementor-repeater-item-29840e5\" href=\"#\" target=\"_blank\">\n\t\t\t\t\t\t<span class=\"elementor-screen-only\">Whatsapp<\/span>\n\t\t\t\t\t\t<i class=\"fab fa-whatsapp\"><\/i>\t\t\t\t\t<\/a>\n\t\t\t\t<\/span>\n\t\t\t\t\t<\/div>\n\t\t\t\t\t\t<\/div>\n\t\t\t\t<\/div>\n\t\t\t\t\t<\/div>\n\t\t<\/div>\n\t\t\t\t\t<\/div>\n\t\t<\/section>\n\t\t\t\t\t<\/div>\n\t\t<\/div>\n\t\t\t\t<div class=\"elementor-column elementor-col-50 elementor-top-column elementor-element elementor-element-57dbaf1\" data-id=\"57dbaf1\" data-element_type=\"column\" data-settings=\"{&quot;background_background&quot;:&quot;classic&quot;}\">\n\t\t\t<div class=\"elementor-widget-wrap elementor-element-populated\">\n\t\t\t\t\t\t<div class=\"elementor-element elementor-element-3dbd126 elementor-hidden-desktop elementor-hidden-tablet elementor-hidden-mobile elementor-widget elementor-widget-rt-title\" data-id=\"3dbd126\" data-element_type=\"widget\" data-widget_type=\"rt-title.default\">\n\t\t\t\t<div class=\"elementor-widget-container\">\n\t\t\t\t\t<div class=\"section-title-wrapper\">\r\n\r\n    <!--Background Title-->\r\n    \r\n    <div class=\"title-inner-wrapper\">\r\n\r\n        <!--Top Sub Title-->\r\n        \r\n        <!--Main Title-->\r\n                    <h2 class=\"main-title\">Si vous \u00eates une institution<\/h2>\r\n        \r\n        <!--Description-->\r\n                    <div class=\"description\"><p>Vous \u00eates une institution et souhaitez collaborer avec nous ? Remplissez ce formulaire et notre \u00e9quipe d\u00e9di\u00e9e vous contactera rapidement.<\/p><\/div>\r\n            <\/div>\r\n<\/div>\t\t\t\t<\/div>\n\t\t\t\t<\/div>\n\t\t\t\t<div class=\"elementor-element elementor-element-bf5dc14 contact-page-form elementor-widget elementor-widget-shortcode\" data-id=\"bf5dc14\" data-element_type=\"widget\" data-widget_type=\"shortcode.default\">\n\t\t\t\t<div class=\"elementor-widget-container\">\n\t\t\t\t\t\t\t<div class=\"elementor-shortcode\"><div class='fluentform ff-default fluentform_wrapper_5 ffs_default_wrap'><form data-form_id=\"5\" id=\"fluentform_5\" class=\"frm-fluent-form fluent_form_5 ff-el-form-top ff_form_instance_5_1 ff-form-loading ffs_default\" data-form_instance=\"ff_form_instance_5_1\" method=\"POST\" action=\"\" ><fieldset  style=\"border: none!important;margin: 0!important;padding: 0!important;background-color: transparent!important;box-shadow: none!important;outline: none!important; min-inline-size: 100%;\">\n                    <legend class=\"ff_screen_reader_title\" style=\"display: block; margin: 0!important;padding: 0!important;height: 0!important;text-indent: -999999px;width: 0!important;overflow:hidden;\">Contact Form Particuliers<\/legend><input type='hidden' name='__fluent_form_embded_post_id' value='2308' \/><input type=\"hidden\" id=\"_fluentform_5_fluentformnonce\" name=\"_fluentform_5_fluentformnonce\" value=\"20dbabe3cf\" \/><input type=\"hidden\" name=\"_wp_http_referer\" value=\"\/fr\/wp-json\/wp\/v2\/pages\/2308\" \/><div data-type=\"name-element\" data-name=\"nom_prenom_responsable_ambassade\" class=\"ff-field_container ff-name-field-wrapper\" ><div class='ff-t-container'><div class='ff-t-cell'><div class='ff-el-group'><div class='ff-el-input--content'><input type=\"text\" name=\"nom_prenom_responsable_ambassade[first_name]\" id=\"ff_5_nom_prenom_responsable_ambassade_first_name_\" class=\"ff-el-form-control\" placeholder=\"Nom\" aria-invalid=\"false\" aria-required=\"true\"><\/div><\/div><\/div><div class='ff-t-cell'><div class='ff-el-group'><div class='ff-el-input--content'><input type=\"text\" name=\"nom_prenom_responsable_ambassade[last_name]\" id=\"ff_5_nom_prenom_responsable_ambassade_last_name_\" class=\"ff-el-form-control\" placeholder=\"Pr\u00e9nom\" aria-invalid=\"false\" aria-required=\"true\"><\/div><\/div><\/div><\/div><\/div><div class='ff-el-group'><div class='ff-el-input--content'><input type=\"text\" name=\"poste_occupe_ambassade\" class=\"ff-el-form-control\" placeholder=\"Fonction : ex. Service administratif, Commercial, Responsable, G\u00e9rant \u2026\" data-name=\"poste_occupe_ambassade\" id=\"ff_5_poste_occupe_ambassade\"  aria-invalid=\"false\" aria-required=\"true\"><\/div><\/div><div class='ff-el-group'><div class='ff-el-input--content'><input type=\"email\" name=\"email_pro_ambassade\" id=\"ff_5_email_pro_ambassade\" class=\"ff-el-form-control\" placeholder=\"Email\" data-name=\"email_pro_ambassade\"  aria-invalid=\"false\" aria-required=\"true\"><\/div><\/div><div class='ff-el-group'><div class='ff-el-input--content'><input type=\"text\" name=\"subject_2_ambassade\" class=\"ff-el-form-control\" placeholder=\"Sujet\" data-name=\"subject_2_ambassade\" id=\"ff_5_subject_2_ambassade\"  aria-invalid=\"false\" aria-required=\"false\"><\/div><\/div><div class='ff-el-group'><div class='ff-el-input--content'><textarea aria-invalid=\"false\" aria-required=\"true\" name=\"message_ambassade\" id=\"ff_5_message_ambassade\" class=\"ff-el-form-control\" placeholder=\"Votre message ici...\" rows=\"4\" cols=\"2\" data-name=\"message_ambassade\" ><\/textarea><\/div><\/div><div class='ff-el-group ff-text-left ff_submit_btn_wrapper'><button type=\"submit\" class=\"ff-btn ff-btn-submit ff-btn-md ff_btn_style\" >Envoyer<\/button><\/div><\/fieldset><input type=\"hidden\" name=\"trp-form-language\" value=\"fr\"\/><\/form><div id='fluentform_5_errors' class='ff-errors-in-stack ff_form_instance_5_1 ff-form-loading_errors ff_form_instance_5_1_errors'><\/div><\/div>        <script type=\"text\/javascript\">\n            window.fluent_form_ff_form_instance_5_1 = {\"id\":\"5\",\"settings\":{\"layout\":{\"labelPlacement\":\"top\",\"helpMessagePlacement\":\"with_label\",\"errorMessagePlacement\":\"inline\",\"cssClassName\":\"\",\"asteriskPlacement\":\"asterisk-right\"},\"restrictions\":{\"denyEmptySubmission\":{\"enabled\":false}}},\"form_instance\":\"ff_form_instance_5_1\",\"form_id_selector\":\"fluentform_5\",\"rules\":{\"nom_prenom_responsable_ambassade[first_name]\":{\"required\":{\"value\":true,\"message\":\"This field is required\",\"global\":false,\"global_message\":\"Ce champ est obligatoire\"}},\"nom_prenom_responsable_ambassade[middle_name]\":{\"required\":{\"value\":false,\"message\":\"This field is required\",\"global\":false,\"global_message\":\"Ce champ est obligatoire\"}},\"nom_prenom_responsable_ambassade[last_name]\":{\"required\":{\"value\":true,\"message\":\"This field is required\",\"global\":false,\"global_message\":\"Ce champ est obligatoire\"}},\"poste_occupe_ambassade\":{\"required\":{\"value\":true,\"message\":\"This field is required\",\"global\":false,\"global_message\":\"Ce champ est obligatoire\"}},\"email_pro_ambassade\":{\"required\":{\"value\":true,\"message\":\"This field is required\",\"global\":false,\"global_message\":\"Ce champ est obligatoire\"},\"email\":{\"value\":true,\"message\":\"This field must contain a valid email\",\"global\":false,\"global_message\":\"Ce champ doit contenir un e-mail valide\"}},\"subject_2_ambassade\":{\"required\":{\"value\":false,\"message\":\"This field is required\",\"global\":false,\"global_message\":\"Ce champ est obligatoire\"}},\"message_ambassade\":{\"required\":{\"value\":true,\"message\":\"This field is required\",\"global\":false,\"global_message\":\"Ce champ est obligatoire\"}}},\"debounce_time\":300};\n                    <\/script>\n        <\/div>\n\t\t\t\t\t\t<\/div>\n\t\t\t\t<\/div>\n\t\t\t\t\t<\/div>\n\t\t<\/div>\n\t\t\t\t\t<\/div>\n\t\t<\/section>\n\t\t\t\t<section class=\"elementor-section elementor-top-section elementor-element elementor-element-4ea7ca8 elementor-section-content-middle elementor-section-boxed elementor-section-height-default elementor-section-height-default rt-parallax-bg-no\" data-id=\"4ea7ca8\" data-element_type=\"section\">\n\t\t\t\t\t\t<div class=\"elementor-container elementor-column-gap-default\">\n\t\t\t\t\t<div class=\"elementor-column elementor-col-100 elementor-top-column elementor-element elementor-element-07fa2a4 overflow-hidden\" data-id=\"07fa2a4\" data-element_type=\"column\">\n\t\t\t<div class=\"elementor-widget-wrap elementor-element-populated\">\n\t\t\t\t\t\t<div class=\"elementor-element elementor-element-a2a1a1d elementor-widget elementor-widget-html\" data-id=\"a2a1a1d\" data-element_type=\"widget\" data-widget_type=\"html.default\">\n\t\t\t\t<div class=\"elementor-widget-container\">\n\t\t\t\t\t<iframe src=\"https:\/\/www.google.com\/maps\/embed?pb=!1m18!1m12!1m3!1d3229.9118467845324!2d3.0276251!3d36.7558404!2m3!1f0!2f0!3f0!3m2!1i1024!2i768!4f13.1!3m3!1m2!1s0x128fb31f1d1fe263%3A0x71c88cea81ba0d17!2sASR%20agency!5e1!3m2!1sfr!2sdz!4v1755961449506!5m2!1sfr!2sdz\" width=\"1450\" height=\"800\" style=\"border:0;\" allowfullscreen=\"\" loading=\"lazy\" referrerpolicy=\"no-referrer-when-downgrade\"><\/iframe>\t\t\t\t<\/div>\n\t\t\t\t<\/div>\n\t\t\t\t\t<\/div>\n\t\t<\/div>\n\t\t\t\t\t<\/div>\n\t\t<\/section>\n\t\t\t\t<\/div>","protected":false},"excerpt":{"rendered":"<p>Formulaire de contact Vous avez une question ou un projet en t\u00eate ? Remplissez le formulaire ci-dessous et notre \u00e9quipe vous r\u00e9pondra rapidement. Localisation 4 chemin Val d&#8217;Hydra, Hydra, Alger T\u00e9l\u00e9phone 0541 12 28 49 Nous suivre Facebook-f Twitter Vimeo-v Pinterest-p Whatsapp Si vous \u00eates une institution Vous \u00eates une institution et souhaitez collaborer avec<\/p>","protected":false},"author":1,"featured_media":0,"parent":0,"menu_order":0,"comment_status":"closed","ping_status":"closed","template":"templates\/blank.php","meta":{"_rtcl_gb_attr":"","footnotes":""},"class_list":["post-2308","page","type-page","status-publish","hentry"],"yoast_head":"<!-- This site is optimized with the Yoast SEO plugin v25.8 - https:\/\/yoast.com\/wordpress\/plugins\/seo\/ -->\n<title>Contact - ASR Agency<\/title>\n<meta name=\"robots\" content=\"index, follow, max-snippet:-1, max-image-preview:large, max-video-preview:-1\" \/>\n<link rel=\"canonical\" href=\"https:\/\/asrimmo.com\/fr\/contact\/\" \/>\n<meta property=\"og:locale\" content=\"fr_FR\" \/>\n<meta property=\"og:type\" content=\"article\" \/>\n<meta property=\"og:title\" content=\"Contact - ASR Agency\" \/>\n<meta property=\"og:description\" content=\"Formulaire de contact Vous avez une question ou un projet en t\u00eate ? Remplissez le formulaire ci-dessous et notre \u00e9quipe vous r\u00e9pondra rapidement. Localisation 4 chemin Val d&#8217;Hydra, Hydra, Alger T\u00e9l\u00e9phone 0541 12 28 49 Nous suivre Facebook-f Twitter Vimeo-v Pinterest-p Whatsapp Si vous \u00eates une institution Vous \u00eates une institution et souhaitez collaborer avec\" \/>\n<meta property=\"og:url\" content=\"https:\/\/asrimmo.com\/fr\/contact\/\" \/>\n<meta property=\"og:site_name\" content=\"ASR Agency\" \/>\n<meta property=\"article:publisher\" content=\"https:\/\/web.facebook.com\/asr.agency\" \/>\n<meta property=\"article:modified_time\" content=\"2025-08-31T08:07:57+00:00\" \/>\n<meta name=\"twitter:card\" content=\"summary_large_image\" \/>\n<script type=\"application\/ld+json\" class=\"yoast-schema-graph\">{\"@context\":\"https:\/\/schema.org\",\"@graph\":[{\"@type\":\"WebPage\",\"@id\":\"https:\/\/asrimmo.com\/contact\/\",\"url\":\"https:\/\/asrimmo.com\/contact\/\",\"name\":\"Contact - ASR Agency\",\"isPartOf\":{\"@id\":\"https:\/\/asrimmo.com\/#website\"},\"datePublished\":\"2020-10-20T03:25:00+00:00\",\"dateModified\":\"2025-08-31T08:07:57+00:00\",\"breadcrumb\":{\"@id\":\"https:\/\/asrimmo.com\/contact\/#breadcrumb\"},\"inLanguage\":\"fr-FR\",\"potentialAction\":[{\"@type\":\"ReadAction\",\"target\":[\"https:\/\/asrimmo.com\/contact\/\"]}]},{\"@type\":\"BreadcrumbList\",\"@id\":\"https:\/\/asrimmo.com\/contact\/#breadcrumb\",\"itemListElement\":[{\"@type\":\"ListItem\",\"position\":1,\"name\":\"Accueil\",\"item\":\"https:\/\/asrimmo.com\/\"},{\"@type\":\"ListItem\",\"position\":2,\"name\":\"Contact\"}]},{\"@type\":\"WebSite\",\"@id\":\"https:\/\/asrimmo.com\/#website\",\"url\":\"https:\/\/asrimmo.com\/\",\"name\":\"ASR Agency\",\"description\":\"Alli\u00e9 de vos projets\",\"publisher\":{\"@id\":\"https:\/\/asrimmo.com\/#organization\"},\"potentialAction\":[{\"@type\":\"SearchAction\",\"target\":{\"@type\":\"EntryPoint\",\"urlTemplate\":\"https:\/\/asrimmo.com\/?s={search_term_string}\"},\"query-input\":{\"@type\":\"PropertyValueSpecification\",\"valueRequired\":true,\"valueName\":\"search_term_string\"}}],\"inLanguage\":\"fr-FR\"},{\"@type\":\"Organization\",\"@id\":\"https:\/\/asrimmo.com\/#organization\",\"name\":\"ASR Agency\",\"url\":\"https:\/\/asrimmo.com\/\",\"logo\":{\"@type\":\"ImageObject\",\"inLanguage\":\"fr-FR\",\"@id\":\"https:\/\/asrimmo.com\/#\/schema\/logo\/image\/\",\"url\":\"https:\/\/asrimmo.com\/wp-content\/uploads\/2025\/09\/logo-vectorise-v2.10.png\",\"contentUrl\":\"https:\/\/asrimmo.com\/wp-content\/uploads\/2025\/09\/logo-vectorise-v2.10.png\",\"width\":1173,\"height\":391,\"caption\":\"ASR Agency\"},\"image\":{\"@id\":\"https:\/\/asrimmo.com\/#\/schema\/logo\/image\/\"},\"sameAs\":[\"https:\/\/web.facebook.com\/asr.agency\",\"http:\/\/linkedin.com\/company\/asr-agency-immo\",\"https:\/\/www.instagram.com\/asr.agency.dz\"]}]}<\/script>\n<!-- \/ Yoast SEO plugin. -->","yoast_head_json":{"title":"Contact - ASR Agency","robots":{"index":"index","follow":"follow","max-snippet":"max-snippet:-1","max-image-preview":"max-image-preview:large","max-video-preview":"max-video-preview:-1"},"canonical":"https:\/\/asrimmo.com\/fr\/contact\/","og_locale":"fr_FR","og_type":"article","og_title":"Contact - ASR Agency","og_description":"Formulaire de contact Vous avez une question ou un projet en t\u00eate ? Remplissez le formulaire ci-dessous et notre \u00e9quipe vous r\u00e9pondra rapidement. Localisation 4 chemin Val d&#8217;Hydra, Hydra, Alger T\u00e9l\u00e9phone 0541 12 28 49 Nous suivre Facebook-f Twitter Vimeo-v Pinterest-p Whatsapp Si vous \u00eates une institution Vous \u00eates une institution et souhaitez collaborer avec","og_url":"https:\/\/asrimmo.com\/fr\/contact\/","og_site_name":"ASR Agency","article_publisher":"https:\/\/web.facebook.com\/asr.agency","article_modified_time":"2025-08-31T08:07:57+00:00","twitter_card":"summary_large_image","schema":{"@context":"https:\/\/schema.org","@graph":[{"@type":"WebPage","@id":"https:\/\/asrimmo.com\/contact\/","url":"https:\/\/asrimmo.com\/contact\/","name":"Contact - ASR Agency","isPartOf":{"@id":"https:\/\/asrimmo.com\/#website"},"datePublished":"2020-10-20T03:25:00+00:00","dateModified":"2025-08-31T08:07:57+00:00","breadcrumb":{"@id":"https:\/\/asrimmo.com\/contact\/#breadcrumb"},"inLanguage":"fr-FR","potentialAction":[{"@type":"ReadAction","target":["https:\/\/asrimmo.com\/contact\/"]}]},{"@type":"BreadcrumbList","@id":"https:\/\/asrimmo.com\/contact\/#breadcrumb","itemListElement":[{"@type":"ListItem","position":1,"name":"Accueil","item":"https:\/\/asrimmo.com\/"},{"@type":"ListItem","position":2,"name":"Contact"}]},{"@type":"WebSite","@id":"https:\/\/asrimmo.com\/#website","url":"https:\/\/asrimmo.com\/","name":"ASR Agency","description":"Alli\u00e9 de vos projets","publisher":{"@id":"https:\/\/asrimmo.com\/#organization"},"potentialAction":[{"@type":"SearchAction","target":{"@type":"EntryPoint","urlTemplate":"https:\/\/asrimmo.com\/?s={search_term_string}"},"query-input":{"@type":"PropertyValueSpecification","valueRequired":true,"valueName":"search_term_string"}}],"inLanguage":"fr-FR"},{"@type":"Organization","@id":"https:\/\/asrimmo.com\/#organization","name":"ASR Agency","url":"https:\/\/asrimmo.com\/","logo":{"@type":"ImageObject","inLanguage":"fr-FR","@id":"https:\/\/asrimmo.com\/#\/schema\/logo\/image\/","url":"https:\/\/asrimmo.com\/wp-content\/uploads\/2025\/09\/logo-vectorise-v2.10.png","contentUrl":"https:\/\/asrimmo.com\/wp-content\/uploads\/2025\/09\/logo-vectorise-v2.10.png","width":1173,"height":391,"caption":"ASR Agency"},"image":{"@id":"https:\/\/asrimmo.com\/#\/schema\/logo\/image\/"},"sameAs":["https:\/\/web.facebook.com\/asr.agency","http:\/\/linkedin.com\/company\/asr-agency-immo","https:\/\/www.instagram.com\/asr.agency.dz"]}]}},"_links":{"self":[{"href":"https:\/\/asrimmo.com\/fr\/wp-json\/wp\/v2\/pages\/2308","targetHints":{"allow":["GET"]}}],"collection":[{"href":"https:\/\/asrimmo.com\/fr\/wp-json\/wp\/v2\/pages"}],"about":[{"href":"https:\/\/asrimmo.com\/fr\/wp-json\/wp\/v2\/types\/page"}],"author":[{"embeddable":true,"href":"https:\/\/asrimmo.com\/fr\/wp-json\/wp\/v2\/users\/1"}],"replies":[{"embeddable":true,"href":"https:\/\/asrimmo.com\/fr\/wp-json\/wp\/v2\/comments?post=2308"}],"version-history":[{"count":36,"href":"https:\/\/asrimmo.com\/fr\/wp-json\/wp\/v2\/pages\/2308\/revisions"}],"predecessor-version":[{"id":19312,"href":"https:\/\/asrimmo.com\/fr\/wp-json\/wp\/v2\/pages\/2308\/revisions\/19312"}],"wp:attachment":[{"href":"https:\/\/asrimmo.com\/fr\/wp-json\/wp\/v2\/media?parent=2308"}],"curies":[{"name":"wp","href":"https:\/\/api.w.org\/{rel}","templated":true}]}}